{"id":1483,"date":"2024-10-22T14:31:10","date_gmt":"2024-10-22T14:31:10","guid":{"rendered":"https:\/\/asociacionaccionistasbancosabadell.com\/?page_id=1483"},"modified":"2024-10-22T17:11:10","modified_gmt":"2024-10-22T17:11:10","slug":"politica-de-privacitat-xarxes-socials","status":"publish","type":"page","link":"https:\/\/asociacionaccionistasbancosabadell.com\/ca\/politica-de-privacitat-xarxes-socials\/","title":{"rendered":"Pol\u00edtica de Privacitat Xarxes Socials"},"content":{"rendered":"\t\t<div data-elementor-type=\"wp-page\" data-elementor-id=\"1483\" class=\"elementor elementor-1483 elementor-1482\" data-elementor-post-type=\"page\">\n\t\t\t\t<div class=\"elementor-element elementor-element-75d65f6 e-con-full e-flex e-con e-parent\" data-id=\"75d65f6\" data-element_type=\"container\" data-settings=\"{&quot;background_background&quot;:&quot;classic&quot;}\">\n\t\t\t\t<div class=\"elementor-element elementor-element-ef717b3 elementor-position-left elementor-vertical-align-middle elementor-position-left elementor-vertical-align-bottom animated-slow elementor-hidden-mobile elementor-invisible elementor-widget elementor-widget-image-box\" data-id=\"ef717b3\" data-element_type=\"widget\" data-settings=\"{&quot;_animation&quot;:&quot;fadeIn&quot;}\" data-widget_type=\"image-box.default\">\n\t\t\t\t<div class=\"elementor-widget-container\">\n\t\t\t<div class=\"elementor-image-box-wrapper\"><figure class=\"elementor-image-box-img\"><a href=\"https:\/\/asociacionaccionistasbancosabadell.com\/ca\/\" tabindex=\"-1\"><img fetchpriority=\"high\" decoding=\"async\" width=\"2674\" height=\"2180\" src=\"https:\/\/asociacionaccionistasbancosabadell.com\/wp-content\/uploads\/2024\/10\/aambs-logo-cat.png\" class=\"attachment-full size-full wp-image-1183\" alt=\"\" srcset=\"https:\/\/asociacionaccionistasbancosabadell.com\/wp-content\/uploads\/2024\/10\/aambs-logo-cat.png 2674w, https:\/\/asociacionaccionistasbancosabadell.com\/wp-content\/uploads\/2024\/10\/aambs-logo-cat-300x245.png 300w, https:\/\/asociacionaccionistasbancosabadell.com\/wp-content\/uploads\/2024\/10\/aambs-logo-cat-1024x835.png 1024w, https:\/\/asociacionaccionistasbancosabadell.com\/wp-content\/uploads\/2024\/10\/aambs-logo-cat-768x626.png 768w, https:\/\/asociacionaccionistasbancosabadell.com\/wp-content\/uploads\/2024\/10\/aambs-logo-cat-1536x1252.png 1536w, https:\/\/asociacionaccionistasbancosabadell.com\/wp-content\/uploads\/2024\/10\/aambs-logo-cat-2048x1670.png 2048w\" sizes=\"(max-width: 2674px) 100vw, 2674px\" \/><\/a><\/figure><div class=\"elementor-image-box-content\"><p class=\"elementor-image-box-description\">Pol\u00edtica de <b>Privacitat Xarxes Socials<\/b><\/p><\/div><\/div>\t\t<\/div>\n\t\t\t\t<\/div>\n\t\t\t\t<div class=\"elementor-element elementor-element-9ce2453 elementor-vertical-align-middle elementor-vertical-align-bottom animated-slow elementor-hidden-desktop elementor-hidden-tablet elementor-invisible elementor-widget elementor-widget-image-box\" data-id=\"9ce2453\" data-element_type=\"widget\" data-settings=\"{&quot;_animation&quot;:&quot;fadeIn&quot;}\" data-widget_type=\"image-box.default\">\n\t\t\t\t<div class=\"elementor-widget-container\">\n\t\t\t<div class=\"elementor-image-box-wrapper\"><div class=\"elementor-image-box-content\"><p class=\"elementor-image-box-description\">Pol\u00edtica de <b>Privacitat Xarxes Socials<\/b><\/p><\/div><\/div>\t\t<\/div>\n\t\t\t\t<\/div>\n\t\t\t\t<\/div>\n\t\t<div class=\"elementor-element elementor-element-222920f2 e-con-full e-flex e-con e-parent\" data-id=\"222920f2\" data-element_type=\"container\" data-settings=\"{&quot;background_background&quot;:&quot;classic&quot;}\">\n\t\t<div class=\"elementor-element elementor-element-7dfee377 e-con-full e-flex e-con e-child\" data-id=\"7dfee377\" data-element_type=\"container\">\n\t\t\t\t<div class=\"elementor-element elementor-element-4404b1b animated-slow elementor-invisible elementor-widget elementor-widget-text-editor\" data-id=\"4404b1b\" data-element_type=\"widget\" data-settings=\"{&quot;_animation&quot;:&quot;fadeIn&quot;,&quot;_animation_delay&quot;:300}\" data-widget_type=\"text-editor.default\">\n\t\t\t\t<div class=\"elementor-widget-container\">\n\t\t\t\t\t\t\t<h3>1. INFORMACI\u00d3 PER A L\u2019USUARI<\/h3>\n<p><strong>Qui \u00e9s el responsable del tractament de les teves dades personals?<\/strong><br \/>ASOCIACI\u00d3N DE ACCIONISTAS MINORITARIOS BANCO SABADELL, d\u2019ara endavant, el RESPONSABLE, informa l\u2019USUARI que ha procedit a crear un perfil a les xarxes socials Facebook, Instagram, Twitter, LinkedIn, Youtube, Vimeo i Google+, que \u00e9s el responsable del tractament de les dades personals de l\u2019usuari que es dugui a terme en aquestes xarxes socials i l\u2019informa que aquestes dades es tractaran de conformitat amb el que disposa el Reglament (UE) 2016\/679, de 27 d\u2019abril (GDPR), i la Llei Org\u00e0nica 3\/2018, de 5 de desembre (LOPDGDD), per la qual cosa se li facilita<br \/>la seg\u00fcent informaci\u00f3 del tractament:<\/p>\n<p><strong>Perqu\u00e8 tractem les teves dades personals?<\/strong><br \/>Finalitat del tractament: mantenir una relaci\u00f3 entre l\u2019USUARI i el RESPONSABLE que pot incloure les seg\u00fcents operacions:<\/p>\n<ul>\n<li>Tramitar sol\u00b7licituds i consultes plantejades al responsable<\/li>\n<li>Informar sobre activitats i esdeveniments organitzats pel responsable<\/li>\n<li>Informar sobre productes o serveis oferts pel responsable<\/li>\n<li>Interactuar a trav\u00e9s dels perfils oficials<\/li>\n<\/ul>\n<p><strong>Per quin motiu podem tractar les teves dades personals?<\/strong><br \/>Base jur\u00eddica del tractament: article 6.1.a GDPR, l\u2019interessat ha donat el seu consentiment per al tractament de les seves dades personals per a una o diverses finalitats espec\u00edfiques. L\u2019usuari disposa d\u2019un perfil a la mateixa xarxa social i ha decidit unir-se a la xarxa social del RESPONSABLE, tot mostrant inter\u00e8s en la informaci\u00f3 que s\u2019hi publiqui, per tant, a l\u2019hora de sol\u00b7licitar seguir els nostres perfils oficials, ens facilita el consentiment per al tractament de les dades personals<br \/>publicades en el seu perfil. <\/p>\n<p>L\u2019USUARI pot accedir en qualsevol moment a les pol\u00edtiques de privacitat de la mateixa xarxa social,i configurar el seu perfil per garantir la seva privacitat.<\/p>\n<p>El RESPONSABLE t\u00e9 acc\u00e9s i tracta la informaci\u00f3 p\u00fablica de l\u2019USUARI, especialment, el seu nom de contacte.<\/p>\n<p>Aquestes dades nom\u00e9s s\u2019utilitzen dins de la pr\u00f2pia xarxa social \u00fanicament s\u2019incorporaran a un fitxer del RESPONSABLE quan sigui necessari per tramitar la sol\u00b7licitud de l\u2019USUARI.<\/p>\n<p><strong>Durant quant de temps guardarem les teves dades personals?<\/strong><br \/>Criteris de conservaci\u00f3 de les dades: es conservaran mentre l\u2019USUARI no revoqui el consentiment prestat tal com s\u2019indica en aquesta pol\u00edtica de privacitat.<\/p>\n<p><strong>A qui facilitem les teves dades personals?<\/strong><br \/>Comunicaci\u00f3 de les dades: la informaci\u00f3 facilitada per l\u2019usuari a trav\u00e9s de les xarxes socials del RESPONSABLE, incloses les seves dades personals, pot ser publicada, sempre en funci\u00f3 dels serveis que l\u2019USUARI faci servir, de manera que podr\u00e0 quedar a disposici\u00f3 p\u00fablica d\u2019altres tercers usuaris de les xarxes socials. Des del perfil de cada xarxa social, l\u2019USUARI pot configurar la informaci\u00f3 que vulgui fer p\u00fablica en cada cas, veure els permisos que s\u2019han concedit, eliminar-los o desactivar-los, com ara qualsevol aplicaci\u00f3 d\u2019un tercer que ja no es vulgui utilitzar. <\/p>\n<p>No est\u00e0 prevista cap comunicaci\u00f3 de dades personals a tercers fora de la xarxa social excepte, si fos imprescindible per al desenvolupament i execuci\u00f3 de les finalitats del tractament, als nostres prove\u00efdors de serveis relacionats amb comunicacions, amb els quals el RESPONSABLE ha formalitzat els contractes de confidencialitat i d\u2019encarregat de tractament exigits per la normativa vigent de privacitat.<\/p>\n<p><strong>Quins s\u00f3n els teus drets?<\/strong><br \/><strong>Drets que t\u00e9 l\u2019usuari<\/strong>: nom\u00e9s es podran exercir en relaci\u00f3 a la informaci\u00f3 que es trobi sota el control del RESPONSABLE.<\/p>\n<ul>\n<li>Dret a retirar el consentiment en qualsevol moment<\/li>\n<li>Dret d\u2019acc\u00e9s, rectificaci\u00f3, portabilitat i supressi\u00f3 de les seves dades i de limitaci\u00f3 o oposici\u00f3 al seu tractament<\/li>\n<li>Dret a presentar una reclamaci\u00f3 davant l\u2019autoritat de control (www.aepd.es) si considera que el tractament no s\u2019ajusta a la normativa vigent<\/li>\n<\/ul>\n<p><strong>Dades de contacte per exercir els seus drets:<\/strong><br \/>ASOCIACI\u00d3N DE ACCIONISTAS MINORITARIOS BANCO SABADELL. Carrer de Sant Quirze, 30 &#8211; 08201 Sabadell<br \/>(Barcelona). E-mail: asociacionminoritariosbancosab@gmail.com  <\/p>\n<h3>2. \u00daS DEL PERFIL<\/h3>\n<p>El RESPONSABLE far\u00e0 les seg\u00fcents accions:<\/p>\n<ul>\n<li>Acceso a la informaci\u00f3n p\u00fablica del perfil<\/li>\n<li>Publicaci\u00f3 en el perfil de l\u2019USUARI de tota aquella informaci\u00f3 ja publicada a la xarxa social del RESPONSABLE<\/li>\n<li>Enviar missatges personals i individuals a trav\u00e9s dels canals de la xarxa social<\/li>\n<li>Actualitzacions de l\u2019estat de la p\u00e0gina que es publicaran en el perfil de l\u2019USUARI<\/li>\n<\/ul>\n<p>L\u2019USUARI sempre pot controlar les seves connexions, eliminar els continguts que deixin d\u2019interessar-li i restringir amb qui comparteix les seves connexions; per aix\u00f2 haur\u00e0 d\u2019accedir a la seva configuraci\u00f3 de privacitat.<\/p>\n<h3>3. PUBLICACIONS<\/h3>\n<p>L\u2019USUARI, un cop sigui seguidor o s\u2019hagi unit a la xarxa social del RESPONSABLE, podr\u00e0 publicar-hi comentaris, enlla\u00e7os, imatges, fotografies o qualsevol altre tipus de contingut multim\u00e8dia adm\u00e8s per la xarxa. L\u2019USUARI, en tots els casos, ha de ser el titular del contingut publicat, gaudir dels drets d\u2019autor i de propietat intel\u00b7lectual o comptar amb el consentiment dels tercers afectats. <\/p>\n<p>Queda expressament prohibida qualsevol publicaci\u00f3 a la xarxa social, ja siguin textos, gr\u00e0fics, fotografies, v\u00eddeos, etc. que atemptin o siguin susceptibles d\u2019atemptar contra la moral, l\u2019\u00e8tica, el bon gust o el dec\u00f2rum, i\/o que infringeixin o violin els drets de propietat intel\u00b7lectual o industrial, el dret a la imatge o la Llei.<\/p>\n<p>En aquests casos, el RESPONSABLE es reserva el dret a retirar immediatament el contingut, sense comunicaci\u00f3 pr\u00e8via, i pot sol\u00b7licitar el bloqueig permanent de l\u2019USUARI.<\/p>\n<p>El RESPONSABLE no es far\u00e0 responsable dels continguts que ha publicat lliurement un USUARI.<\/p>\n<p>L\u2019USUARI ha de tenir present que les seves publicacions seran visualitzades pels altres usuaris, de manera que ell mateix \u00e9s el principal responsable de la seva privacitat.<\/p>\n<p>Les imatges que puguin publicar-se a la xarxa social no s\u2019emmagatzemaran en cap fitxer per part del RESPONSABLE, per\u00f2 s\u00ed que romandran a la xarxa social.<\/p>\n<h3>4. DADES DE MENORS D\u2019EDAT O PERSONES AMB CAPACITATS ESPECIALS<\/h3>\n<p>Es prohibeix als menors de 14 anys accedir i registrar-se a les xarxes socials del RESPONSABLE. Per la seva banda, si l\u2019USUARI t\u00e9 capacitats especials, ser\u00e0 necess\u00e0ria la intervenci\u00f3 del titular de la seva p\u00e0tria potestat o tutela, o del seu representant legal mitjan\u00e7ant un document v\u00e0lid que acrediti la representaci\u00f3. <\/p>\n<p>El RESPONSABLE queda expressament exonerat de qualsevol responsabilitat que pogu\u00e9s derivar de l\u2019\u00fas de les xarxes socials per part de menors o persones amb capacitats especials. Les xarxes socials del RESPONSABLE no recullen conscientment cap informaci\u00f3 personal de menors d\u2019edat, per aix\u00f2, si l\u2019USUARI \u00e9s menor d\u2019edat, no ha de registrar-se, ni utilitzar les xarxes socials del RESPONSABLE ni tampoc proporcionar cap informaci\u00f3 personal. <\/p>\n\t\t\t\t\t\t<\/div>\n\t\t\t\t<\/div>\n\t\t\t\t<\/div>\n\t\t\t\t<\/div>\n\t\t\t\t<\/div>\n\t\t","protected":false},"excerpt":{"rendered":"<p>Pol\u00edtica de Privacitat Xarxes Socials Pol\u00edtica de Privacitat Xarxes Socials 1. INFORMACI\u00d3 PER A L\u2019USUARI Qui \u00e9s el responsable del tractament de les teves dades personals?ASOCIACI\u00d3N DE ACCIONISTAS MINORITARIOS BANCO SABADELL, d\u2019ara endavant, el RESPONSABLE, informa l\u2019USUARI que ha procedit a crear un perfil a les xarxes socials Facebook, Instagram, Twitter, LinkedIn, Youtube, Vimeo i &#8230; <a title=\"Pol\u00edtica de Privacitat Xarxes Socials\" class=\"read-more\" href=\"https:\/\/asociacionaccionistasbancosabadell.com\/ca\/politica-de-privacitat-xarxes-socials\/\" aria-label=\"M\u00e9s informaci\u00f3 sobre Pol\u00edtica de Privacitat Xarxes Socials\">Read more<\/a><\/p>\n","protected":false},"author":1,"featured_media":0,"parent":0,"menu_order":0,"comment_status":"closed","ping_status":"closed","template":"elementor_header_footer","meta":{"footnotes":""},"class_list":["post-1483","page","type-page","status-publish"],"rankMath":{"parentDomain":"asociacionaccionistasbancosabadell.com","noFollowDomains":[],"noFollowExcludeDomains":[],"noFollowExternalLinks":false,"featuredImageNotice":"The featured image should be at least 200 by 200 pixels to be picked up by Facebook and other social media sites.","pluginReviewed":false,"postSettings":{"linkSuggestions":true,"useFocusKeyword":false},"frontEndScore":false,"postName":"politica-de-privacitat-xarxes-socials","permalinkFormat":"https:\/\/asociacionaccionistasbancosabadell.com\/ca\/%pagename%\/","showLockModifiedDate":true,"assessor":{"focusKeywordLink":"https:\/\/asociacionaccionistasbancosabadell.com\/wp-admin\/edit.php?focus_keyword=%focus_keyword%&post_type=%post_type%","hasTOCPlugin":true,"primaryTaxonomy":false,"serpData":{"title":"","description":"Pol\u00edtica de Privacitat Xarxes Socials, Associaci\u00f3 d'Accionistes Minoritaris Banc Sabadell","focusKeywords":"Pol\u00edtica de Privacitat Xarxes Socials","pillarContent":false,"canonicalUrl":"","breadcrumbTitle":"","advancedRobots":{"max-snippet":"-1","max-video-preview":"-1","max-image-preview":"large"},"facebookTitle":"","facebookDescription":"","facebookImage":"","facebookImageID":"","facebookHasOverlay":false,"facebookImageOverlay":"","facebookAuthor":"","twitterCardType":"","twitterUseFacebook":true,"twitterTitle":"","twitterDescription":"","twitterImage":"","twitterImageID":"","twitterHasOverlay":false,"twitterImageOverlay":"","twitterPlayerUrl":"","twitterPlayerSize":"","twitterPlayerStream":"","twitterPlayerStreamCtype":"","twitterAppDescription":"","twitterAppIphoneName":"","twitterAppIphoneID":"","twitterAppIphoneUrl":"","twitterAppIpadName":"","twitterAppIpadID":"","twitterAppIpadUrl":"","twitterAppGoogleplayName":"","twitterAppGoogleplayID":"","twitterAppGoogleplayUrl":"","twitterAppCountry":"","robots":{"index":true},"twitterAuthor":"username","primaryTerm":0,"authorName":"admin","titleTemplate":"%title% %sep% %sitename%","descriptionTemplate":"%excerpt%","showScoreFrontend":true,"lockModifiedDate":false},"powerWords":[],"diacritics":{"A":"[\\u0041\\u24B6\\uFF21\\u00C0\\u00C1\\u00C2\\u1EA6\\u1EA4\\u1EAA\\u1EA8\\u00C3\\u0100\\u0102\\u1EB0\\u1EAE\\u1EB4\\u1EB2\\u0226\\u01E0\\u00C4\\u01DE\\u1EA2\\u00C5\\u01FA\\u01CD\\u0200\\u0202\\u1EA0\\u1EAC\\u1EB6\\u1E00\\u0104\\u023A\\u2C6F]","AA":"[\\uA732]","AE":"[\\u00C6\\u01FC\\u01E2]","AO":"[\\uA734]","AU":"[\\uA736]","AV":"[\\uA738\\uA73A]","AY":"[\\uA73C]","B":"[\\u0042\\u24B7\\uFF22\\u1E02\\u1E04\\u1E06\\u0243\\u0182\\u0181]","C":"[\\u0043\\u24B8\\uFF23\\u0106\\u0108\\u010A\\u010C\\u00C7\\u1E08\\u0187\\u023B\\uA73E]","D":"[\\u0044\\u24B9\\uFF24\\u1E0A\\u010E\\u1E0C\\u1E10\\u1E12\\u1E0E\\u0110\\u018B\\u018A\\u0189\\uA779]","DZ":"[\\u01F1\\u01C4]","Dz":"[\\u01F2\\u01C5]","E":"[\\u0045\\u24BA\\uFF25\\u00C8\\u00C9\\u00CA\\u1EC0\\u1EBE\\u1EC4\\u1EC2\\u1EBC\\u0112\\u1E14\\u1E16\\u0114\\u0116\\u00CB\\u1EBA\\u011A\\u0204\\u0206\\u1EB8\\u1EC6\\u0228\\u1E1C\\u0118\\u1E18\\u1E1A\\u0190\\u018E]","F":"[\\u0046\\u24BB\\uFF26\\u1E1E\\u0191\\uA77B]","G":"[\\u0047\\u24BC\\uFF27\\u01F4\\u011C\\u1E20\\u011E\\u0120\\u01E6\\u0122\\u01E4\\u0193\\uA7A0\\uA77D\\uA77E]","H":"[\\u0048\\u24BD\\uFF28\\u0124\\u1E22\\u1E26\\u021E\\u1E24\\u1E28\\u1E2A\\u0126\\u2C67\\u2C75\\uA78D]","I":"[\\u0049\\u24BE\\uFF29\\u00CC\\u00CD\\u00CE\\u0128\\u012A\\u012C\\u0130\\u00CF\\u1E2E\\u1EC8\\u01CF\\u0208\\u020A\\u1ECA\\u012E\\u1E2C\\u0197]","J":"[\\u004A\\u24BF\\uFF2A\\u0134\\u0248]","K":"[\\u004B\\u24C0\\uFF2B\\u1E30\\u01E8\\u1E32\\u0136\\u1E34\\u0198\\u2C69\\uA740\\uA742\\uA744\\uA7A2]","L":"[\\u004C\\u24C1\\uFF2C\\u013F\\u0139\\u013D\\u1E36\\u1E38\\u013B\\u1E3C\\u1E3A\\u0141\\u023D\\u2C62\\u2C60\\uA748\\uA746\\uA780]","LJ":"[\\u01C7]","Lj":"[\\u01C8]","M":"[\\u004D\\u24C2\\uFF2D\\u1E3E\\u1E40\\u1E42\\u2C6E\\u019C]","N":"[\\u004E\\u24C3\\uFF2E\\u01F8\\u0143\\u00D1\\u1E44\\u0147\\u1E46\\u0145\\u1E4A\\u1E48\\u0220\\u019D\\uA790\\uA7A4]","NJ":"[\\u01CA]","Nj":"[\\u01CB]","O":"[\\u004F\\u24C4\\uFF2F\\u00D2\\u00D3\\u00D4\\u1ED2\\u1ED0\\u1ED6\\u1ED4\\u00D5\\u1E4C\\u022C\\u1E4E\\u014C\\u1E50\\u1E52\\u014E\\u022E\\u0230\\u00D6\\u022A\\u1ECE\\u0150\\u01D1\\u020C\\u020E\\u01A0\\u1EDC\\u1EDA\\u1EE0\\u1EDE\\u1EE2\\u1ECC\\u1ED8\\u01EA\\u01EC\\u00D8\\u01FE\\u0186\\u019F\\uA74A\\uA74C]","OI":"[\\u01A2]","OO":"[\\uA74E]","OU":"[\\u0222]","P":"[\\u0050\\u24C5\\uFF30\\u1E54\\u1E56\\u01A4\\u2C63\\uA750\\uA752\\uA754]","Q":"[\\u0051\\u24C6\\uFF31\\uA756\\uA758\\u024A]","R":"[\\u0052\\u24C7\\uFF32\\u0154\\u1E58\\u0158\\u0210\\u0212\\u1E5A\\u1E5C\\u0156\\u1E5E\\u024C\\u2C64\\uA75A\\uA7A6\\uA782]","S":"[\\u0053\\u24C8\\uFF33\\u1E9E\\u015A\\u1E64\\u015C\\u1E60\\u0160\\u1E66\\u1E62\\u1E68\\u0218\\u015E\\u2C7E\\uA7A8\\uA784]","T":"[\\u0054\\u24C9\\uFF34\\u1E6A\\u0164\\u1E6C\\u021A\\u0162\\u1E70\\u1E6E\\u0166\\u01AC\\u01AE\\u023E\\uA786]","TZ":"[\\uA728]","U":"[\\u0055\\u24CA\\uFF35\\u00D9\\u00DA\\u00DB\\u0168\\u1E78\\u016A\\u1E7A\\u016C\\u00DC\\u01DB\\u01D7\\u01D5\\u01D9\\u1EE6\\u016E\\u0170\\u01D3\\u0214\\u0216\\u01AF\\u1EEA\\u1EE8\\u1EEE\\u1EEC\\u1EF0\\u1EE4\\u1E72\\u0172\\u1E76\\u1E74\\u0244]","V":"[\\u0056\\u24CB\\uFF36\\u1E7C\\u1E7E\\u01B2\\uA75E\\u0245]","VY":"[\\uA760]","W":"[\\u0057\\u24CC\\uFF37\\u1E80\\u1E82\\u0174\\u1E86\\u1E84\\u1E88\\u2C72]","X":"[\\u0058\\u24CD\\uFF38\\u1E8A\\u1E8C]","Y":"[\\u0059\\u24CE\\uFF39\\u1EF2\\u00DD\\u0176\\u1EF8\\u0232\\u1E8E\\u0178\\u1EF6\\u1EF4\\u01B3\\u024E\\u1EFE]","Z":"[\\u005A\\u24CF\\uFF3A\\u0179\\u1E90\\u017B\\u017D\\u1E92\\u1E94\\u01B5\\u0224\\u2C7F\\u2C6B\\uA762]","a":"[\\u0061\\u24D0\\uFF41\\u1E9A\\u00E0\\u00E1\\u00E2\\u1EA7\\u1EA5\\u1EAB\\u1EA9\\u00E3\\u0101\\u0103\\u1EB1\\u1EAF\\u1EB5\\u1EB3\\u0227\\u01E1\\u00E4\\u01DF\\u1EA3\\u00E5\\u01FB\\u01CE\\u0201\\u0203\\u1EA1\\u1EAD\\u1EB7\\u1E01\\u0105\\u2C65\\u0250]","aa":"[\\uA733]","ae":"[\\u00E6\\u01FD\\u01E3]","ao":"[\\uA735]","au":"[\\uA737]","av":"[\\uA739\\uA73B]","ay":"[\\uA73D]","b":"[\\u0062\\u24D1\\uFF42\\u1E03\\u1E05\\u1E07\\u0180\\u0183\\u0253]","c":"[\\u0063\\u24D2\\uFF43\\u0107\\u0109\\u010B\\u010D\\u00E7\\u1E09\\u0188\\u023C\\uA73F\\u2184]","d":"[\\u0064\\u24D3\\uFF44\\u1E0B\\u010F\\u1E0D\\u1E11\\u1E13\\u1E0F\\u0111\\u018C\\u0256\\u0257\\uA77A]","dz":"[\\u01F3\\u01C6]","e":"[\\u0065\\u24D4\\uFF45\\u00E8\\u00E9\\u00EA\\u1EC1\\u1EBF\\u1EC5\\u1EC3\\u1EBD\\u0113\\u1E15\\u1E17\\u0115\\u0117\\u00EB\\u1EBB\\u011B\\u0205\\u0207\\u1EB9\\u1EC7\\u0229\\u1E1D\\u0119\\u1E19\\u1E1B\\u0247\\u025B\\u01DD]","f":"[\\u0066\\u24D5\\uFF46\\u1E1F\\u0192\\uA77C]","g":"[\\u0067\\u24D6\\uFF47\\u01F5\\u011D\\u1E21\\u011F\\u0121\\u01E7\\u0123\\u01E5\\u0260\\uA7A1\\u1D79\\uA77F]","h":"[\\u0068\\u24D7\\uFF48\\u0125\\u1E23\\u1E27\\u021F\\u1E25\\u1E29\\u1E2B\\u1E96\\u0127\\u2C68\\u2C76\\u0265]","hv":"[\\u0195]","i":"[\\u0069\\u24D8\\uFF49\\u00EC\\u00ED\\u00EE\\u0129\\u012B\\u012D\\u00EF\\u1E2F\\u1EC9\\u01D0\\u0209\\u020B\\u1ECB\\u012F\\u1E2D\\u0268\\u0131]","j":"[\\u006A\\u24D9\\uFF4A\\u0135\\u01F0\\u0249]","k":"[\\u006B\\u24DA\\uFF4B\\u1E31\\u01E9\\u1E33\\u0137\\u1E35\\u0199\\u2C6A\\uA741\\uA743\\uA745\\uA7A3]","l":"[\\u006C\\u24DB\\uFF4C\\u0140\\u013A\\u013E\\u1E37\\u1E39\\u013C\\u1E3D\\u1E3B\\u017F\\u0142\\u019A\\u026B\\u2C61\\uA749\\uA781\\uA747]","lj":"[\\u01C9]","m":"[\\u006D\\u24DC\\uFF4D\\u1E3F\\u1E41\\u1E43\\u0271\\u026F]","n":"[\\u006E\\u24DD\\uFF4E\\u01F9\\u0144\\u00F1\\u1E45\\u0148\\u1E47\\u0146\\u1E4B\\u1E49\\u019E\\u0272\\u0149\\uA791\\uA7A5]","nj":"[\\u01CC]","o":"[\\u006F\\u24DE\\uFF4F\\u00F2\\u00F3\\u00F4\\u1ED3\\u1ED1\\u1ED7\\u1ED5\\u00F5\\u1E4D\\u022D\\u1E4F\\u014D\\u1E51\\u1E53\\u014F\\u022F\\u0231\\u00F6\\u022B\\u1ECF\\u0151\\u01D2\\u020D\\u020F\\u01A1\\u1EDD\\u1EDB\\u1EE1\\u1EDF\\u1EE3\\u1ECD\\u1ED9\\u01EB\\u01ED\\u00F8\\u01FF\\u0254\\uA74B\\uA74D\\u0275]","oi":"[\\u01A3]","ou":"[\\u0223]","oo":"[\\uA74F]","p":"[\\u0070\\u24DF\\uFF50\\u1E55\\u1E57\\u01A5\\u1D7D\\uA751\\uA753\\uA755]","q":"[\\u0071\\u24E0\\uFF51\\u024B\\uA757\\uA759]","r":"[\\u0072\\u24E1\\uFF52\\u0155\\u1E59\\u0159\\u0211\\u0213\\u1E5B\\u1E5D\\u0157\\u1E5F\\u024D\\u027D\\uA75B\\uA7A7\\uA783]","s":"[\\u0073\\u24E2\\uFF53\\u015B\\u1E65\\u015D\\u1E61\\u0161\\u1E67\\u1E63\\u1E69\\u0219\\u015F\\u023F\\uA7A9\\uA785\\u1E9B]","ss":"[\\u00DF]","t":"[\\u0074\\u24E3\\uFF54\\u1E6B\\u1E97\\u0165\\u1E6D\\u021B\\u0163\\u1E71\\u1E6F\\u0167\\u01AD\\u0288\\u2C66\\uA787]","tz":"[\\uA729]","u":"[\\u0075\\u24E4\\uFF55\\u00F9\\u00FA\\u00FB\\u0169\\u1E79\\u016B\\u1E7B\\u016D\\u00FC\\u01DC\\u01D8\\u01D6\\u01DA\\u1EE7\\u016F\\u0171\\u01D4\\u0215\\u0217\\u01B0\\u1EEB\\u1EE9\\u1EEF\\u1EED\\u1EF1\\u1EE5\\u1E73\\u0173\\u1E77\\u1E75\\u0289]","v":"[\\u0076\\u24E5\\uFF56\\u1E7D\\u1E7F\\u028B\\uA75F\\u028C]","vy":"[\\uA761]","w":"[\\u0077\\u24E6\\uFF57\\u1E81\\u1E83\\u0175\\u1E87\\u1E85\\u1E98\\u1E89\\u2C73]","x":"[\\u0078\\u24E7\\uFF58\\u1E8B\\u1E8D]","y":"[\\u0079\\u24E8\\uFF59\\u1EF3\\u00FD\\u0177\\u1EF9\\u0233\\u1E8F\\u00FF\\u1EF7\\u1E99\\u1EF5\\u01B4\\u024F\\u1EFF]","z":"[\\u007A\\u24E9\\uFF5A\\u017A\\u1E91\\u017C\\u017E\\u1E93\\u1E95\\u01B6\\u0225\\u0240\\u2C6C\\uA763]"},"researchesTests":["contentHasTOC","contentHasShortParagraphs","contentHasAssets","keywordInTitle","keywordInMetaDescription","keywordInPermalink","keywordIn10Percent","keywordInContent","keywordInSubheadings","keywordInImageAlt","keywordDensity","keywordNotUsed","lengthContent","lengthPermalink","linksHasInternal","linksHasExternals","linksNotAllExternals","titleStartWithKeyword","titleSentiment","titleHasPowerWords","titleHasNumber","hasContentAI"],"hasRedirection":false,"hasBreadcrumb":false},"homeUrl":"https:\/\/asociacionaccionistasbancosabadell.com\/ca\/","objectID":1483,"objectType":"post","locale":"ca","localeFull":"ca","overlayImages":{"play":{"name":"Play icon","url":"https:\/\/asociacionaccionistasbancosabadell.com\/wp-content\/plugins\/seo-by-rank-math\/assets\/admin\/img\/icon-play.png","path":"\/var\/www\/vhosts\/asociacionaccionistasbancosabadell.com\/httpdocs\/wp-content\/plugins\/seo-by-rank-math\/assets\/admin\/img\/icon-play.png","position":"middle_center"},"gif":{"name":"GIF icon","url":"https:\/\/asociacionaccionistasbancosabadell.com\/wp-content\/plugins\/seo-by-rank-math\/assets\/admin\/img\/icon-gif.png","path":"\/var\/www\/vhosts\/asociacionaccionistasbancosabadell.com\/httpdocs\/wp-content\/plugins\/seo-by-rank-math\/assets\/admin\/img\/icon-gif.png","position":"middle_center"}},"defautOgImage":"https:\/\/asociacionaccionistasbancosabadell.com\/wp-content\/uploads\/2024\/10\/aambs-logo.png","customPermalinks":true,"isUserRegistered":true,"autoSuggestKeywords":true,"connectSiteUrl":"https:\/\/rankmath.com\/auth?site=https%3A%2F%2Fasociacionaccionistasbancosabadell.com%2Fca%2F&r=https%3A%2F%2Fasociacionaccionistasbancosabadell.com%2Fca%2Fwp-json%2Fwp%2Fv2%2Fpages%2F1483%3Fnonce%3D68583ed23c","maxTags":5,"trendsIcon":"<svg viewBox=\"0 0 610 610\"><path d=\"M18.85,446,174.32,290.48l58.08,58.08L76.93,504a14.54,14.54,0,0,1-20.55,0L18.83,466.48a14.54,14.54,0,0,1,0-20.55Z\" style=\"fill:#4285f4\"\/><path d=\"M242.65,242.66,377.59,377.6l-47.75,47.75a14.54,14.54,0,0,1-20.55,0L174.37,290.43l47.75-47.75A14.52,14.52,0,0,1,242.65,242.66Z\" style=\"fill:#ea4335\"\/><polygon points=\"319.53 319.53 479.26 159.8 537.34 217.88 377.61 377.62 319.53 319.53\" style=\"fill:#fabb05\"\/><path d=\"M594.26,262.73V118.61h0a16.94,16.94,0,0,0-16.94-16.94H433.2a16.94,16.94,0,0,0-12,28.92L565.34,274.71h0a16.94,16.94,0,0,0,28.92-12Z\" style=\"fill:#34a853\"\/><rect width=\"610\" height=\"610\" style=\"fill:none\"\/><\/svg>","showScore":true,"siteFavIcon":"https:\/\/asociacionaccionistasbancosabadell.com\/wp-content\/uploads\/2024\/10\/cropped-aambs-acron-1-1-32x32.png","canUser":{"general":false,"advanced":false,"snippet":false,"social":false,"analysis":false,"analytics":false,"content_ai":false},"isPro":false,"is_front_page":false,"trendsUpgradeLink":"https:\/\/rankmath.com\/pricing\/?utm_source=Plugin&utm_medium=CE%20General%20Tab%20Trends&utm_campaign=WP","trendsUpgradeLabel":"Upgrade","trendsPreviewImage":"https:\/\/asociacionaccionistasbancosabadell.com\/wp-content\/plugins\/seo-by-rank-math\/assets\/admin\/img\/trends-preview.jpg","currentEditor":false,"homepageData":{"assessor":{"powerWords":[],"diacritics":true,"researchesTests":["contentHasTOC","contentHasShortParagraphs","contentHasAssets","keywordInTitle","keywordInMetaDescription","keywordInPermalink","keywordIn10Percent","keywordInContent","keywordInSubheadings","keywordInImageAlt","keywordDensity","keywordNotUsed","lengthContent","lengthPermalink","linksHasInternal","linksHasExternals","linksNotAllExternals","titleStartWithKeyword","titleSentiment","titleHasPowerWords","titleHasNumber","hasContentAI"],"hasBreadcrumb":false,"serpData":{"title":"%sitename% %page% %sep% %sitedesc%","description":"","titleTemplate":"%sitename% %page% %sep% %sitedesc%","descriptionTemplate":"","focusKeywords":"","breadcrumbTitle":"Home","robots":{"index":true},"advancedRobots":{"max-snippet":"-1","max-video-preview":"-1","max-image-preview":"large"},"facebookTitle":"","facebookDescription":"","facebookImage":"","facebookImageID":""}}},"tocTitle":"Table of Contents","tocExcludeHeadings":[],"listStyle":"ul"},"_links":{"self":[{"href":"https:\/\/asociacionaccionistasbancosabadell.com\/ca\/wp-json\/wp\/v2\/pages\/1483","targetHints":{"allow":["GET"]}}],"collection":[{"href":"https:\/\/asociacionaccionistasbancosabadell.com\/ca\/wp-json\/wp\/v2\/pages"}],"about":[{"href":"https:\/\/asociacionaccionistasbancosabadell.com\/ca\/wp-json\/wp\/v2\/types\/page"}],"author":[{"embeddable":true,"href":"https:\/\/asociacionaccionistasbancosabadell.com\/ca\/wp-json\/wp\/v2\/users\/1"}],"replies":[{"embeddable":true,"href":"https:\/\/asociacionaccionistasbancosabadell.com\/ca\/wp-json\/wp\/v2\/comments?post=1483"}],"version-history":[{"count":3,"href":"https:\/\/asociacionaccionistasbancosabadell.com\/ca\/wp-json\/wp\/v2\/pages\/1483\/revisions"}],"predecessor-version":[{"id":1530,"href":"https:\/\/asociacionaccionistasbancosabadell.com\/ca\/wp-json\/wp\/v2\/pages\/1483\/revisions\/1530"}],"wp:attachment":[{"href":"https:\/\/asociacionaccionistasbancosabadell.com\/ca\/wp-json\/wp\/v2\/media?parent=1483"}],"curies":[{"name":"wp","href":"https:\/\/api.w.org\/{rel}","templated":true}]}}